{"id":721,"date":"2026-04-27T22:47:02","date_gmt":"2026-04-27T22:47:02","guid":{"rendered":"https:\/\/solandinas.com.pe\/?post_type=product&#038;p=721"},"modified":"2026-04-27T23:01:08","modified_gmt":"2026-04-27T23:01:08","slug":"rx-400","status":"publish","type":"product","link":"https:\/\/solandinas.com.pe\/index.php\/product\/rx-400\/","title":{"rendered":"RX &#8211; 400"},"content":{"rendered":"<p>Soldadora trif\u00e1sica inversora que puede trabajar en 220V\/380V\/440V, brinda corriente continua (DC) y un amperaje m\u00e1ximo de 400 amperios. La regulaci\u00f3n de voltajes es autom\u00e1tico (AUTO LINE). Su proceso principal es SMAW para soldar electrodos revestidos, especialmente los celul\u00f3sicos, rut\u00edlicos, basicos y bajo hidr\u00f3geno, inoxidables y aluminio.<\/p>\n<p>Caracter\u00edsticas principales:<\/p>\n<ul>\n<li>Dise\u00f1o robusto y resistente, posee un peso de 43 kilos.<\/li>\n<li>Tecnolog\u00eda IGBT para una estabilidad de arco eficiente.<\/li>\n<li>Suelda electrodos hasta 1\/4&#8243; (6mm) a m\u00e1s.<\/li>\n<li>Dispositivos internos regulables para obtener una mejor estabilidad del arco Hot Start y Arc Force.<\/li>\n<li>Dispositivo de protecci\u00f3n VRD que permite reducir el voltaje de vac\u00edo.<\/li>\n<\/ul>\n","protected":false},"excerpt":{"rendered":"<p>Soldadora trif\u00e1sica multivoltaje AUTO LINE inversora de corriente continua (DC), para soldar con electrodos revestidos (MMA). Sistema VRD incorporado y activado.<\/p>\n","protected":false},"featured_media":709,"comment_status":"open","ping_status":"closed","template":"","meta":{"_joinchat":[]},"product_brand":[],"product_cat":[60,19],"product_tag":[],"class_list":{"0":"post-721","1":"product","2":"type-product","3":"status-publish","4":"has-post-thumbnail","6":"product_cat-equipos-para-soldar","7":"product_cat-maquinas-smaw-electrodo-revestido","9":"first","10":"instock","11":"shipping-taxable","12":"product-type-simple"},"_links":{"self":[{"href":"https:\/\/solandinas.com.pe\/index.php\/wp-json\/wp\/v2\/product\/721","targetHints":{"allow":["GET"]}}],"collection":[{"href":"https:\/\/solandinas.com.pe\/index.php\/wp-json\/wp\/v2\/product"}],"about":[{"href":"https:\/\/solandinas.com.pe\/index.php\/wp-json\/wp\/v2\/types\/product"}],"replies":[{"embeddable":true,"href":"https:\/\/solandinas.com.pe\/index.php\/wp-json\/wp\/v2\/comments?post=721"}],"wp:featuredmedia":[{"embeddable":true,"href":"https:\/\/solandinas.com.pe\/index.php\/wp-json\/wp\/v2\/media\/709"}],"wp:attachment":[{"href":"https:\/\/solandinas.com.pe\/index.php\/wp-json\/wp\/v2\/media?parent=721"}],"wp:term":[{"taxonomy":"product_brand","embeddable":true,"href":"https:\/\/solandinas.com.pe\/index.php\/wp-json\/wp\/v2\/product_brand?post=721"},{"taxonomy":"product_cat","embeddable":true,"href":"https:\/\/solandinas.com.pe\/index.php\/wp-json\/wp\/v2\/product_cat?post=721"},{"taxonomy":"product_tag","embeddable":true,"href":"https:\/\/solandinas.com.pe\/index.php\/wp-json\/wp\/v2\/product_tag?post=721"}],"curies":[{"name":"wp","href":"https:\/\/api.w.org\/{rel}","templated":true}]}}