{"id":713,"date":"2026-04-25T18:36:08","date_gmt":"2026-04-25T18:36:08","guid":{"rendered":"https:\/\/solandinas.com.pe\/?post_type=product&#038;p=713"},"modified":"2026-04-25T18:43:33","modified_gmt":"2026-04-25T18:43:33","slug":"rx-250","status":"publish","type":"product","link":"https:\/\/solandinas.com.pe\/index.php\/product\/rx-250\/","title":{"rendered":"RX &#8211; 250"},"content":{"rendered":"<p>Soldadora monof\u00e1sica inversora de 220V, brinda corriente continua (DC) y un amperaje m\u00e1ximo de 250 amperios. Su proceso principal es SMAW para soldar electrodos revestidos, especialmente los celul\u00f3sicos, rut\u00edlicos, b\u00e1sicos y bajo hidr\u00f3geno, inoxidables, etc.<\/p>\n<p>Caracter\u00edsticas principales:<\/p>\n<ul>\n<li>Dise\u00f1o compacto y liviano, posee un peso de s\u00f3lo 8 kilos.<\/li>\n<li>Tecnolog\u00eda IGBT para una estabilidad de arco eficiente.<\/li>\n<li>Suelda electrodos hasta 3\/16&#8243; (5mm) como m\u00e1ximo.<\/li>\n<li>Dispositivos internos para obtener una mejor estabilidad del arco Hot Start \/ Anti stick.<\/li>\n<li>Dispositivos de protecci\u00f3n contra sobrecalentamiento.<\/li>\n<li>Dispositivo Fuerza de arco Regulable. * Dispositivo de protecci\u00f3n VRD que permite reducir el voltaje de vac\u00edo.<\/li>\n<\/ul>\n","protected":false},"excerpt":{"rendered":"<p>Soldadora monof\u00e1sica inversora de corriente continua (DC), para soldar con electrodos revestidos (MMA). Tiene el sistema VRD activado.<\/p>\n","protected":false},"featured_media":704,"comment_status":"open","ping_status":"closed","template":"","meta":{"_joinchat":[]},"product_brand":[],"product_cat":[15,60,19],"product_tag":[],"class_list":{"0":"post-713","1":"product","2":"type-product","3":"status-publish","4":"has-post-thumbnail","6":"product_cat-uncategorized","7":"product_cat-equipos-para-soldar","8":"product_cat-maquinas-smaw-electrodo-revestido","10":"first","11":"instock","12":"shipping-taxable","13":"product-type-simple"},"_links":{"self":[{"href":"https:\/\/solandinas.com.pe\/index.php\/wp-json\/wp\/v2\/product\/713","targetHints":{"allow":["GET"]}}],"collection":[{"href":"https:\/\/solandinas.com.pe\/index.php\/wp-json\/wp\/v2\/product"}],"about":[{"href":"https:\/\/solandinas.com.pe\/index.php\/wp-json\/wp\/v2\/types\/product"}],"replies":[{"embeddable":true,"href":"https:\/\/solandinas.com.pe\/index.php\/wp-json\/wp\/v2\/comments?post=713"}],"wp:featuredmedia":[{"embeddable":true,"href":"https:\/\/solandinas.com.pe\/index.php\/wp-json\/wp\/v2\/media\/704"}],"wp:attachment":[{"href":"https:\/\/solandinas.com.pe\/index.php\/wp-json\/wp\/v2\/media?parent=713"}],"wp:term":[{"taxonomy":"product_brand","embeddable":true,"href":"https:\/\/solandinas.com.pe\/index.php\/wp-json\/wp\/v2\/product_brand?post=713"},{"taxonomy":"product_cat","embeddable":true,"href":"https:\/\/solandinas.com.pe\/index.php\/wp-json\/wp\/v2\/product_cat?post=713"},{"taxonomy":"product_tag","embeddable":true,"href":"https:\/\/solandinas.com.pe\/index.php\/wp-json\/wp\/v2\/product_tag?post=713"}],"curies":[{"name":"wp","href":"https:\/\/api.w.org\/{rel}","templated":true}]}}