{"id":702,"date":"2026-04-24T22:47:57","date_gmt":"2026-04-24T22:47:57","guid":{"rendered":"https:\/\/solandinas.com.pe\/?post_type=product&#038;p=702"},"modified":"2026-04-24T23:02:08","modified_gmt":"2026-04-24T23:02:08","slug":"rx-200","status":"publish","type":"product","link":"https:\/\/solandinas.com.pe\/index.php\/product\/rx-200\/","title":{"rendered":"RX &#8211; 200"},"content":{"rendered":"<p>Soldadora monof\u00e1sica inversora de 220V, brinda corriente continua (DC) y un amperaje m\u00e1ximo de 200 amperios. Su proceso principal es SMAW para soldar electrodos revestidos, especialmente los rut\u00edlicos, b\u00e1sicos y bajo hidr\u00f3geno, inoxidables y algunos celul\u00f3sicos. Tambi\u00e9n suelda proceso TIG encendido por contacto (LIFT).<\/p>\n<p>Caracter\u00edsticas principales:<\/p>\n<ul>\n<li>Dise\u00f1o compacto y liviano, posee un peso de s\u00f3lo 7.5 kilos.<\/li>\n<li>Tecnolog\u00eda IGBT para una estabilidad de arco eficiente.<\/li>\n<li>Suelda electrodos hasta 5\/32&#8243; (4mm) como m\u00e1ximo.<\/li>\n<li>Dispositivos internos para obtener una mejor estabilidad del arco Arc Force \/ Hot Start \/ Anti stick.<\/li>\n<li>Dispositivos de protecci\u00f3n contra sobrecalentamiento.<\/li>\n<\/ul>\n","protected":false},"excerpt":{"rendered":"<p>Soldadora monof\u00e1sica inversora de corriente continua (DC), para soldar con electrodos revestidos (MMA) y soldadura TIG (LIFT) como segundo proceso.<\/p>\n","protected":false},"featured_media":703,"comment_status":"open","ping_status":"closed","template":"","meta":{"_joinchat":[]},"product_brand":[],"product_cat":[19],"product_tag":[],"class_list":{"0":"post-702","1":"product","2":"type-product","3":"status-publish","4":"has-post-thumbnail","6":"product_cat-maquinas-smaw-electrodo-revestido","8":"first","9":"instock","10":"shipping-taxable","11":"product-type-simple"},"_links":{"self":[{"href":"https:\/\/solandinas.com.pe\/index.php\/wp-json\/wp\/v2\/product\/702","targetHints":{"allow":["GET"]}}],"collection":[{"href":"https:\/\/solandinas.com.pe\/index.php\/wp-json\/wp\/v2\/product"}],"about":[{"href":"https:\/\/solandinas.com.pe\/index.php\/wp-json\/wp\/v2\/types\/product"}],"replies":[{"embeddable":true,"href":"https:\/\/solandinas.com.pe\/index.php\/wp-json\/wp\/v2\/comments?post=702"}],"wp:featuredmedia":[{"embeddable":true,"href":"https:\/\/solandinas.com.pe\/index.php\/wp-json\/wp\/v2\/media\/703"}],"wp:attachment":[{"href":"https:\/\/solandinas.com.pe\/index.php\/wp-json\/wp\/v2\/media?parent=702"}],"wp:term":[{"taxonomy":"product_brand","embeddable":true,"href":"https:\/\/solandinas.com.pe\/index.php\/wp-json\/wp\/v2\/product_brand?post=702"},{"taxonomy":"product_cat","embeddable":true,"href":"https:\/\/solandinas.com.pe\/index.php\/wp-json\/wp\/v2\/product_cat?post=702"},{"taxonomy":"product_tag","embeddable":true,"href":"https:\/\/solandinas.com.pe\/index.php\/wp-json\/wp\/v2\/product_tag?post=702"}],"curies":[{"name":"wp","href":"https:\/\/api.w.org\/{rel}","templated":true}]}}