{"id":557,"date":"2025-12-08T18:24:59","date_gmt":"2025-12-08T18:24:59","guid":{"rendered":"https:\/\/solandinas.com.pe\/index.php\/product\/s-30\/"},"modified":"2025-12-11T22:36:48","modified_gmt":"2025-12-11T22:36:48","slug":"s-30","status":"publish","type":"product","link":"https:\/\/solandinas.com.pe\/index.php\/product\/s-30\/","title":{"rendered":"S-30"},"content":{"rendered":"<p>M\u00e1scara para soldar con lente fotosensible ideal para soldar con los procesos TIG\/SMAW\/GMAW. Fabricado con material de alta resistencia, filtro de alta visibilidad. Dise\u00f1ado bajo las normas ANSI &#038; CE.<br \/>\nPosee regulaci\u00f3n para seleccionar el grado de oscuridad (DIN9 &#8211; DIN13), adem\u00e1s regulaciones para sensibilidad y velocidad del oscurecimiento.<\/p>\n","protected":false},"excerpt":{"rendered":"<p>M\u00e1scara para soldar con lente fotosensible ideal para soldar con los procesos TIG\/SMAW\/GMAW. Fabricado con material de alta resistencia, filtro de alta visibilidad. Dise\u00f1ado bajo las normas ANSI &#038; CE. Posee regulaci\u00f3n para seleccionar el grado de oscuridad (DIN9 &#8211; DIN13), adem\u00e1s regulaciones para sensibilidad y velocidad del oscurecimiento.<\/p>\n","protected":false},"featured_media":0,"comment_status":"open","ping_status":"closed","template":"","meta":{"_joinchat":[]},"product_brand":[],"product_cat":[32,57],"product_tag":[51],"class_list":{"0":"post-557","1":"product","2":"type-product","3":"status-publish","5":"product_cat-mascaras-de-soldar","6":"product_cat-seguridad","7":"product_tag-productos-seguridad-mascaras-de-soldar","9":"first","10":"instock","11":"shipping-taxable","12":"product-type-simple"},"_links":{"self":[{"href":"https:\/\/solandinas.com.pe\/index.php\/wp-json\/wp\/v2\/product\/557","targetHints":{"allow":["GET"]}}],"collection":[{"href":"https:\/\/solandinas.com.pe\/index.php\/wp-json\/wp\/v2\/product"}],"about":[{"href":"https:\/\/solandinas.com.pe\/index.php\/wp-json\/wp\/v2\/types\/product"}],"replies":[{"embeddable":true,"href":"https:\/\/solandinas.com.pe\/index.php\/wp-json\/wp\/v2\/comments?post=557"}],"wp:attachment":[{"href":"https:\/\/solandinas.com.pe\/index.php\/wp-json\/wp\/v2\/media?parent=557"}],"wp:term":[{"taxonomy":"product_brand","embeddable":true,"href":"https:\/\/solandinas.com.pe\/index.php\/wp-json\/wp\/v2\/product_brand?post=557"},{"taxonomy":"product_cat","embeddable":true,"href":"https:\/\/solandinas.com.pe\/index.php\/wp-json\/wp\/v2\/product_cat?post=557"},{"taxonomy":"product_tag","embeddable":true,"href":"https:\/\/solandinas.com.pe\/index.php\/wp-json\/wp\/v2\/product_tag?post=557"}],"curies":[{"name":"wp","href":"https:\/\/api.w.org\/{rel}","templated":true}]}}