{"id":554,"date":"2025-12-08T18:24:58","date_gmt":"2025-12-08T18:24:58","guid":{"rendered":"https:\/\/solandinas.com.pe\/index.php\/product\/e6011\/"},"modified":"2026-01-29T22:51:54","modified_gmt":"2026-01-29T22:51:54","slug":"e6011","status":"publish","type":"product","link":"https:\/\/solandinas.com.pe\/index.php\/product\/e6011\/","title":{"rendered":"E6011"},"content":{"rendered":"<p>Electrodo revestido del tipo celul\u00f3sico de excelente penetraci\u00f3n debido a la alta energ\u00eda generada, ideal para soldarse en todas las posiciones, incluyendo en vertical ascendente.<br \/>\nPosibilidad de soldar con corriente alterna o con corriente cont\u00ednua y polaridad invertida (porta electrodo al positivo).<br \/>\nPresenta un arco estable de f\u00e1cil encendido con bajas salpicaduras y bajo emanaci\u00f3n de humos en los est\u00e1ndares.<\/p>\n","protected":false},"excerpt":{"rendered":"<p>Electrodo revestido del tipo celul\u00f3sico de excelente penetraci\u00f3n debido a la alta energ\u00eda generada, ideal para soldarse en todas las posiciones, incluyendo en vertical ascendente. Posibilidad de soldar con corriente alterna o con corriente cont\u00ednua y polaridad invertida (porta electrodo al positivo). Presenta un arco estable de f\u00e1cil encendido con bajas salpicaduras y bajo emanaci\u00f3n [&hellip;]<\/p>\n","protected":false},"featured_media":631,"comment_status":"open","ping_status":"closed","template":"","meta":{"_joinchat":[]},"product_brand":[],"product_cat":[55,30],"product_tag":[49],"class_list":{"0":"post-554","1":"product","2":"type-product","3":"status-publish","4":"has-post-thumbnail","6":"product_cat-consumibles","7":"product_cat-electrodos-revestidos","8":"product_tag-productos-consumibles-electrodos-revestidos","10":"first","11":"instock","12":"shipping-taxable","13":"product-type-simple"},"_links":{"self":[{"href":"https:\/\/solandinas.com.pe\/index.php\/wp-json\/wp\/v2\/product\/554","targetHints":{"allow":["GET"]}}],"collection":[{"href":"https:\/\/solandinas.com.pe\/index.php\/wp-json\/wp\/v2\/product"}],"about":[{"href":"https:\/\/solandinas.com.pe\/index.php\/wp-json\/wp\/v2\/types\/product"}],"replies":[{"embeddable":true,"href":"https:\/\/solandinas.com.pe\/index.php\/wp-json\/wp\/v2\/comments?post=554"}],"wp:featuredmedia":[{"embeddable":true,"href":"https:\/\/solandinas.com.pe\/index.php\/wp-json\/wp\/v2\/media\/631"}],"wp:attachment":[{"href":"https:\/\/solandinas.com.pe\/index.php\/wp-json\/wp\/v2\/media?parent=554"}],"wp:term":[{"taxonomy":"product_brand","embeddable":true,"href":"https:\/\/solandinas.com.pe\/index.php\/wp-json\/wp\/v2\/product_brand?post=554"},{"taxonomy":"product_cat","embeddable":true,"href":"https:\/\/solandinas.com.pe\/index.php\/wp-json\/wp\/v2\/product_cat?post=554"},{"taxonomy":"product_tag","embeddable":true,"href":"https:\/\/solandinas.com.pe\/index.php\/wp-json\/wp\/v2\/product_tag?post=554"}],"curies":[{"name":"wp","href":"https:\/\/api.w.org\/{rel}","templated":true}]}}