{"id":549,"date":"2025-12-08T18:24:56","date_gmt":"2025-12-08T18:24:56","guid":{"rendered":"https:\/\/solandinas.com.pe\/index.php\/product\/intecut-3\/"},"modified":"2026-01-29T22:54:47","modified_gmt":"2026-01-29T22:54:47","slug":"intecut-3","status":"publish","type":"product","link":"https:\/\/solandinas.com.pe\/index.php\/product\/intecut-3\/","title":{"rendered":"INTECUT 3"},"content":{"rendered":"<p>Pant\u00f3grafo port\u00e1til de corte con programaci\u00f3n CNC. M\u00e1quina monof\u00e1sica de 220V.<br \/>\nDise\u00f1ada para realizar cortes automatizados de alta precisi\u00f3n, ya sea con sistema de oxicorte o por corte plasma (opcional).<br \/>\nPosee una pantalla de control de 7&#8243; en idioma espa\u00f1ol para un f\u00e1cil y comprensivo manejo del sistema.<br \/>\nPosee un corte efectivo de 1500x3000mm y una velocidad m\u00e1xima de 750mm\/min.<br \/>\nTrabaja con el software FASTCAM para realizar los dise\u00f1os y anidados de corte.<\/p>\n","protected":false},"excerpt":{"rendered":"<p>Pant\u00f3grafo port\u00e1til de corte con programaci\u00f3n CNC. M\u00e1quina monof\u00e1sica de 220V. Dise\u00f1ada para realizar cortes automatizados de alta precisi\u00f3n, ya sea con sistema de oxicorte o por corte plasma (opcional). Posee una pantalla de control de 7&#8243; en idioma espa\u00f1ol para un f\u00e1cil y comprensivo manejo del sistema. Posee un corte efectivo de 1500x3000mm y [&hellip;]<\/p>\n","protected":false},"featured_media":531,"comment_status":"open","ping_status":"closed","template":"","meta":{"_joinchat":[]},"product_brand":[],"product_cat":[26,59],"product_tag":[45],"class_list":{"0":"post-549","1":"product","2":"type-product","3":"status-publish","4":"has-post-thumbnail","6":"product_cat-corte-mecanizado","7":"product_cat-equipos-para-cortar","8":"product_tag-productos-equipos-para-cortar-corte-mecanizado","10":"first","11":"instock","12":"shipping-taxable","13":"product-type-simple"},"_links":{"self":[{"href":"https:\/\/solandinas.com.pe\/index.php\/wp-json\/wp\/v2\/product\/549","targetHints":{"allow":["GET"]}}],"collection":[{"href":"https:\/\/solandinas.com.pe\/index.php\/wp-json\/wp\/v2\/product"}],"about":[{"href":"https:\/\/solandinas.com.pe\/index.php\/wp-json\/wp\/v2\/types\/product"}],"replies":[{"embeddable":true,"href":"https:\/\/solandinas.com.pe\/index.php\/wp-json\/wp\/v2\/comments?post=549"}],"wp:featuredmedia":[{"embeddable":true,"href":"https:\/\/solandinas.com.pe\/index.php\/wp-json\/wp\/v2\/media\/531"}],"wp:attachment":[{"href":"https:\/\/solandinas.com.pe\/index.php\/wp-json\/wp\/v2\/media?parent=549"}],"wp:term":[{"taxonomy":"product_brand","embeddable":true,"href":"https:\/\/solandinas.com.pe\/index.php\/wp-json\/wp\/v2\/product_brand?post=549"},{"taxonomy":"product_cat","embeddable":true,"href":"https:\/\/solandinas.com.pe\/index.php\/wp-json\/wp\/v2\/product_cat?post=549"},{"taxonomy":"product_tag","embeddable":true,"href":"https:\/\/solandinas.com.pe\/index.php\/wp-json\/wp\/v2\/product_tag?post=549"}],"curies":[{"name":"wp","href":"https:\/\/api.w.org\/{rel}","templated":true}]}}