{"id":270,"date":"2025-10-21T20:50:46","date_gmt":"2025-10-21T20:50:46","guid":{"rendered":"https:\/\/solandinas.com.pe\/index.php\/product\/ew320g-r\/"},"modified":"2025-12-11T22:43:16","modified_gmt":"2025-12-11T22:43:16","slug":"ew320g-r","status":"publish","type":"product","link":"https:\/\/solandinas.com.pe\/index.php\/product\/ew320g-r\/","title":{"rendered":"EW320G-R"},"content":{"rendered":"<p>Soldadora monof\u00e1sica inversora de corriente continua (DC) y de 220V, para la soldadura de electrodos revestidos.<br \/>\nDise\u00f1o compacto y liviano, con un peso de 4.9kg haci\u00e9ndola muy portatil e ideal para trabajos en altura.<br \/>\nBrinda 160 amperios con un potente ciclo de trabajo, ideal para trabajos livianos como carpinter\u00eda met\u00e1lica. Suelda electrodos hasta 1\/8&#8243; de di\u00e1metro.<\/p>\n","protected":false},"excerpt":{"rendered":"<p>Soldadora monof\u00e1sica inversora de corriente continua (DC) y de 220V, para la soldadura de electrodos revestidos. Dise\u00f1o compacto y liviano, con un peso de 4.9kg haci\u00e9ndola muy portatil e ideal para trabajos en altura. Brinda 160 amperios con un potente ciclo de trabajo, ideal para trabajos livianos como carpinter\u00eda met\u00e1lica. Suelda electrodos hasta 1\/8&#8243; de [&hellip;]<\/p>\n","protected":false},"featured_media":612,"comment_status":"open","ping_status":"closed","template":"","meta":{"_joinchat":[]},"product_brand":[],"product_cat":[15,60,23],"product_tag":[],"class_list":{"0":"post-270","1":"product","2":"type-product","3":"status-publish","4":"has-post-thumbnail","6":"product_cat-uncategorized","7":"product_cat-equipos-para-soldar","8":"product_cat-motosoldadoras","10":"first","11":"instock","12":"shipping-taxable","13":"product-type-simple"},"_links":{"self":[{"href":"https:\/\/solandinas.com.pe\/index.php\/wp-json\/wp\/v2\/product\/270","targetHints":{"allow":["GET"]}}],"collection":[{"href":"https:\/\/solandinas.com.pe\/index.php\/wp-json\/wp\/v2\/product"}],"about":[{"href":"https:\/\/solandinas.com.pe\/index.php\/wp-json\/wp\/v2\/types\/product"}],"replies":[{"embeddable":true,"href":"https:\/\/solandinas.com.pe\/index.php\/wp-json\/wp\/v2\/comments?post=270"}],"wp:featuredmedia":[{"embeddable":true,"href":"https:\/\/solandinas.com.pe\/index.php\/wp-json\/wp\/v2\/media\/612"}],"wp:attachment":[{"href":"https:\/\/solandinas.com.pe\/index.php\/wp-json\/wp\/v2\/media?parent=270"}],"wp:term":[{"taxonomy":"product_brand","embeddable":true,"href":"https:\/\/solandinas.com.pe\/index.php\/wp-json\/wp\/v2\/product_brand?post=270"},{"taxonomy":"product_cat","embeddable":true,"href":"https:\/\/solandinas.com.pe\/index.php\/wp-json\/wp\/v2\/product_cat?post=270"},{"taxonomy":"product_tag","embeddable":true,"href":"https:\/\/solandinas.com.pe\/index.php\/wp-json\/wp\/v2\/product_tag?post=270"}],"curies":[{"name":"wp","href":"https:\/\/api.w.org\/{rel}","templated":true}]}}